{"id":2679,"date":"2021-08-12T13:22:33","date_gmt":"2021-08-12T13:22:33","guid":{"rendered":"https:\/\/kirunalapland.se\/nikkaluokta-kebnekaise\/"},"modified":"2021-11-30T10:31:59","modified_gmt":"2021-11-30T10:31:59","slug":"nikkaluokta-kebnekaise","status":"publish","type":"page","link":"https:\/\/kirunalapland.se\/en\/plan-your-trip\/nikkaluokta-kebnekaise\/","title":{"rendered":"Nikkaluokta \u2013 Kebnekaise"},"content":{"rendered":"","protected":false},"excerpt":{"rendered":"","protected":false},"author":2,"featured_media":1483,"parent":3005,"menu_order":0,"comment_status":"closed","ping_status":"closed","template":"","meta":{"_acf_changed":false,"_relevanssi_hide_post":"","_relevanssi_pin_for_all":"","_relevanssi_pin_keywords":"","_relevanssi_unpin_keywords":"","_relevanssi_related_keywords":"","_relevanssi_related_include_ids":"","_relevanssi_related_exclude_ids":"","_relevanssi_related_no_append":"","_relevanssi_related_not_related":"","_relevanssi_related_posts":"1","_relevanssi_noindex_reason":"","footnotes":""},"class_list":["post-2679","page","type-page","status-publish","has-post-thumbnail","hentry"],"acf":[],"yoast_head":"<!-- This site is optimized with the Yoast SEO plugin v27.5 - https:\/\/yoast.com\/product\/yoast-seo-wordpress\/ -->\n<title>Nikkaluokta \u2013 Kebnekaise - Kiruna Lappland<\/title>\n<meta name=\"description\" content=\"Nikkaluokta to STF Kebnekaise mountain station When going from Nikkaluokta to Kebnekaise mountain station, you have 19 km of beautiful hiking ahead of you. The first 5 km to Lake L\u00e1ddjuj\u00e1vri consists of easy hiking through birch forest. Next to the lake you will find the restaurant Enoks, where you can stay for a meal or some easier snacks before continuing your hike. From this point you can choose to take a boat over L\u00e1ddjuj\u00e1vri to save some time and make the hike a bit easier. Daily departures from mid June to mid September and the boat ride takes approximately 20-30 minutes. The boat trips are adapted to regular bus times Nikkaluokta \u2013 Kiruna. More information and timetables can be found at Enoks \u2013 L\u00e1ddjuj\u00e1vri. The trail then continues along the valley and L\u00e1ddjujuvri before it eventually turns off and starts to wind up the mountain slope towards the mountain&hellip;\" \/>\n<meta name=\"robots\" content=\"index, follow, max-snippet:-1, max-image-preview:large, max-video-preview:-1\" \/>\n<link rel=\"canonical\" href=\"https:\/\/kirunalapland.se\/en\/plan-your-trip\/nikkaluokta-kebnekaise\/\" \/>\n<meta property=\"og:locale\" content=\"en_US\" \/>\n<meta property=\"og:type\" content=\"article\" \/>\n<meta property=\"og:title\" content=\"Nikkaluokta \u2013 Kebnekaise - Kiruna Lappland\" \/>\n<meta property=\"og:url\" content=\"https:\/\/kirunalapland.se\/en\/plan-your-trip\/nikkaluokta-kebnekaise\/\" \/>\n<meta property=\"og:site_name\" content=\"Kiruna Lappland\" \/>\n<meta property=\"article:publisher\" content=\"https:\/\/www.facebook.com\/KirunaLapplandEF\/\" \/>\n<meta property=\"article:modified_time\" content=\"2021-11-30T10:31:59+00:00\" \/>\n<meta property=\"og:image\" content=\"https:\/\/kirunalapland.se\/wp-content\/uploads\/2021\/08\/laddjujavri-nikkaluokta-keb2.jpg\" \/>\n\t<meta property=\"og:image:width\" content=\"800\" \/>\n\t<meta property=\"og:image:height\" content=\"769\" \/>\n\t<meta property=\"og:image:type\" content=\"image\/jpeg\" \/>\n<meta name=\"twitter:card\" content=\"summary_large_image\" \/>\n<script type=\"application\/ld+json\" class=\"yoast-schema-graph\">{\"@context\":\"https:\\\/\\\/schema.org\",\"@graph\":[{\"@type\":\"WebPage\",\"@id\":\"https:\\\/\\\/kirunalapland.se\\\/en\\\/plan-your-trip\\\/nikkaluokta-kebnekaise\\\/\",\"url\":\"https:\\\/\\\/kirunalapland.se\\\/en\\\/plan-your-trip\\\/nikkaluokta-kebnekaise\\\/\",\"name\":\"Nikkaluokta \u2013 Kebnekaise - Kiruna Lappland\",\"isPartOf\":{\"@id\":\"https:\\\/\\\/kirunalapland.se\\\/en\\\/#website\"},\"primaryImageOfPage\":{\"@id\":\"https:\\\/\\\/kirunalapland.se\\\/en\\\/plan-your-trip\\\/nikkaluokta-kebnekaise\\\/#primaryimage\"},\"image\":{\"@id\":\"https:\\\/\\\/kirunalapland.se\\\/en\\\/plan-your-trip\\\/nikkaluokta-kebnekaise\\\/#primaryimage\"},\"thumbnailUrl\":\"https:\\\/\\\/kirunalapland.se\\\/wp-content\\\/uploads\\\/2021\\\/08\\\/laddjujavri-nikkaluokta-keb2.jpg\",\"datePublished\":\"2021-08-12T13:22:33+00:00\",\"dateModified\":\"2021-11-30T10:31:59+00:00\",\"breadcrumb\":{\"@id\":\"https:\\\/\\\/kirunalapland.se\\\/en\\\/plan-your-trip\\\/nikkaluokta-kebnekaise\\\/#breadcrumb\"},\"inLanguage\":\"en-US\",\"potentialAction\":[{\"@type\":\"ReadAction\",\"target\":[\"https:\\\/\\\/kirunalapland.se\\\/en\\\/plan-your-trip\\\/nikkaluokta-kebnekaise\\\/\"]}]},{\"@type\":\"ImageObject\",\"inLanguage\":\"en-US\",\"@id\":\"https:\\\/\\\/kirunalapland.se\\\/en\\\/plan-your-trip\\\/nikkaluokta-kebnekaise\\\/#primaryimage\",\"url\":\"https:\\\/\\\/kirunalapland.se\\\/wp-content\\\/uploads\\\/2021\\\/08\\\/laddjujavri-nikkaluokta-keb2.jpg\",\"contentUrl\":\"https:\\\/\\\/kirunalapland.se\\\/wp-content\\\/uploads\\\/2021\\\/08\\\/laddjujavri-nikkaluokta-keb2.jpg\",\"width\":800,\"height\":769,\"caption\":\"OLYMPUS DIGITAL CAMERA\"},{\"@type\":\"BreadcrumbList\",\"@id\":\"https:\\\/\\\/kirunalapland.se\\\/en\\\/plan-your-trip\\\/nikkaluokta-kebnekaise\\\/#breadcrumb\",\"itemListElement\":[{\"@type\":\"ListItem\",\"position\":1,\"name\":\"Home\",\"item\":\"https:\\\/\\\/kirunalapland.se\\\/en\\\/\"},{\"@type\":\"ListItem\",\"position\":2,\"name\":\"Plan your trip\",\"item\":\"https:\\\/\\\/kirunalapland.se\\\/en\\\/plan-your-trip\\\/\"},{\"@type\":\"ListItem\",\"position\":3,\"name\":\"Nikkaluokta \u2013 Kebnekaise\"}]},{\"@type\":\"WebSite\",\"@id\":\"https:\\\/\\\/kirunalapland.se\\\/en\\\/#website\",\"url\":\"https:\\\/\\\/kirunalapland.se\\\/en\\\/\",\"name\":\"Kiruna Lappland\",\"description\":\"Sweden&#039;s northernmost destination\",\"publisher\":{\"@id\":\"https:\\\/\\\/kirunalapland.se\\\/en\\\/#organization\"},\"potentialAction\":[{\"@type\":\"SearchAction\",\"target\":{\"@type\":\"EntryPoint\",\"urlTemplate\":\"https:\\\/\\\/kirunalapland.se\\\/en\\\/?s={search_term_string}\"},\"query-input\":{\"@type\":\"PropertyValueSpecification\",\"valueRequired\":true,\"valueName\":\"search_term_string\"}}],\"inLanguage\":\"en-US\"},{\"@type\":\"Organization\",\"@id\":\"https:\\\/\\\/kirunalapland.se\\\/en\\\/#organization\",\"name\":\"Kiruna Lapland\",\"url\":\"https:\\\/\\\/kirunalapland.se\\\/en\\\/\",\"logo\":{\"@type\":\"ImageObject\",\"inLanguage\":\"en-US\",\"@id\":\"https:\\\/\\\/kirunalapland.se\\\/en\\\/#\\\/schema\\\/logo\\\/image\\\/\",\"url\":\"https:\\\/\\\/kirunalapland.se\\\/wp-content\\\/uploads\\\/2022\\\/01\\\/kirunalapland.jpg\",\"contentUrl\":\"https:\\\/\\\/kirunalapland.se\\\/wp-content\\\/uploads\\\/2022\\\/01\\\/kirunalapland.jpg\",\"width\":1200,\"height\":630,\"caption\":\"Kiruna Lapland\"},\"image\":{\"@id\":\"https:\\\/\\\/kirunalapland.se\\\/en\\\/#\\\/schema\\\/logo\\\/image\\\/\"},\"sameAs\":[\"https:\\\/\\\/www.facebook.com\\\/KirunaLapplandEF\\\/\",\"https:\\\/\\\/www.instagram.com\\\/kirunalapland\\\/?hl=sv\",\"https:\\\/\\\/www.linkedin.com\\\/company\\\/kiruna-lappland-ekonomisk-f\u00f6rening\\\/?originalSubdomain=se\",\"https:\\\/\\\/www.youtube.com\\\/channel\\\/UC2ZC6CQEZKqIXti821G8ovw\\\/featured\"]}]}<\/script>\n<!-- \/ Yoast SEO plugin. -->","yoast_head_json":{"title":"Nikkaluokta \u2013 Kebnekaise - Kiruna Lappland","description":"Nikkaluokta to STF Kebnekaise mountain station When going from Nikkaluokta to Kebnekaise mountain station, you have 19 km of beautiful hiking ahead of you. The first 5 km to Lake L\u00e1ddjuj\u00e1vri consists of easy hiking through birch forest. Next to the lake you will find the restaurant Enoks, where you can stay for a meal or some easier snacks before continuing your hike. From this point you can choose to take a boat over L\u00e1ddjuj\u00e1vri to save some time and make the hike a bit easier. Daily departures from mid June to mid September and the boat ride takes approximately 20-30 minutes. The boat trips are adapted to regular bus times Nikkaluokta \u2013 Kiruna. More information and timetables can be found at Enoks \u2013 L\u00e1ddjuj\u00e1vri. The trail then continues along the valley and L\u00e1ddjujuvri before it eventually turns off and starts to wind up the mountain slope towards the mountain&hellip;","robots":{"index":"index","follow":"follow","max-snippet":"max-snippet:-1","max-image-preview":"max-image-preview:large","max-video-preview":"max-video-preview:-1"},"canonical":"https:\/\/kirunalapland.se\/en\/plan-your-trip\/nikkaluokta-kebnekaise\/","og_locale":"en_US","og_type":"article","og_title":"Nikkaluokta \u2013 Kebnekaise - Kiruna Lappland","og_url":"https:\/\/kirunalapland.se\/en\/plan-your-trip\/nikkaluokta-kebnekaise\/","og_site_name":"Kiruna Lappland","article_publisher":"https:\/\/www.facebook.com\/KirunaLapplandEF\/","article_modified_time":"2021-11-30T10:31:59+00:00","og_image":[{"width":800,"height":769,"url":"https:\/\/kirunalapland.se\/wp-content\/uploads\/2021\/08\/laddjujavri-nikkaluokta-keb2.jpg","type":"image\/jpeg"}],"twitter_card":"summary_large_image","schema":{"@context":"https:\/\/schema.org","@graph":[{"@type":"WebPage","@id":"https:\/\/kirunalapland.se\/en\/plan-your-trip\/nikkaluokta-kebnekaise\/","url":"https:\/\/kirunalapland.se\/en\/plan-your-trip\/nikkaluokta-kebnekaise\/","name":"Nikkaluokta \u2013 Kebnekaise - Kiruna Lappland","isPartOf":{"@id":"https:\/\/kirunalapland.se\/en\/#website"},"primaryImageOfPage":{"@id":"https:\/\/kirunalapland.se\/en\/plan-your-trip\/nikkaluokta-kebnekaise\/#primaryimage"},"image":{"@id":"https:\/\/kirunalapland.se\/en\/plan-your-trip\/nikkaluokta-kebnekaise\/#primaryimage"},"thumbnailUrl":"https:\/\/kirunalapland.se\/wp-content\/uploads\/2021\/08\/laddjujavri-nikkaluokta-keb2.jpg","datePublished":"2021-08-12T13:22:33+00:00","dateModified":"2021-11-30T10:31:59+00:00","breadcrumb":{"@id":"https:\/\/kirunalapland.se\/en\/plan-your-trip\/nikkaluokta-kebnekaise\/#breadcrumb"},"inLanguage":"en-US","potentialAction":[{"@type":"ReadAction","target":["https:\/\/kirunalapland.se\/en\/plan-your-trip\/nikkaluokta-kebnekaise\/"]}]},{"@type":"ImageObject","inLanguage":"en-US","@id":"https:\/\/kirunalapland.se\/en\/plan-your-trip\/nikkaluokta-kebnekaise\/#primaryimage","url":"https:\/\/kirunalapland.se\/wp-content\/uploads\/2021\/08\/laddjujavri-nikkaluokta-keb2.jpg","contentUrl":"https:\/\/kirunalapland.se\/wp-content\/uploads\/2021\/08\/laddjujavri-nikkaluokta-keb2.jpg","width":800,"height":769,"caption":"OLYMPUS DIGITAL CAMERA"},{"@type":"BreadcrumbList","@id":"https:\/\/kirunalapland.se\/en\/plan-your-trip\/nikkaluokta-kebnekaise\/#breadcrumb","itemListElement":[{"@type":"ListItem","position":1,"name":"Home","item":"https:\/\/kirunalapland.se\/en\/"},{"@type":"ListItem","position":2,"name":"Plan your trip","item":"https:\/\/kirunalapland.se\/en\/plan-your-trip\/"},{"@type":"ListItem","position":3,"name":"Nikkaluokta \u2013 Kebnekaise"}]},{"@type":"WebSite","@id":"https:\/\/kirunalapland.se\/en\/#website","url":"https:\/\/kirunalapland.se\/en\/","name":"Kiruna Lappland","description":"Sweden&#039;s northernmost destination","publisher":{"@id":"https:\/\/kirunalapland.se\/en\/#organization"},"potentialAction":[{"@type":"SearchAction","target":{"@type":"EntryPoint","urlTemplate":"https:\/\/kirunalapland.se\/en\/?s={search_term_string}"},"query-input":{"@type":"PropertyValueSpecification","valueRequired":true,"valueName":"search_term_string"}}],"inLanguage":"en-US"},{"@type":"Organization","@id":"https:\/\/kirunalapland.se\/en\/#organization","name":"Kiruna Lapland","url":"https:\/\/kirunalapland.se\/en\/","logo":{"@type":"ImageObject","inLanguage":"en-US","@id":"https:\/\/kirunalapland.se\/en\/#\/schema\/logo\/image\/","url":"https:\/\/kirunalapland.se\/wp-content\/uploads\/2022\/01\/kirunalapland.jpg","contentUrl":"https:\/\/kirunalapland.se\/wp-content\/uploads\/2022\/01\/kirunalapland.jpg","width":1200,"height":630,"caption":"Kiruna Lapland"},"image":{"@id":"https:\/\/kirunalapland.se\/en\/#\/schema\/logo\/image\/"},"sameAs":["https:\/\/www.facebook.com\/KirunaLapplandEF\/","https:\/\/www.instagram.com\/kirunalapland\/?hl=sv","https:\/\/www.linkedin.com\/company\/kiruna-lappland-ekonomisk-f\u00f6rening\/?originalSubdomain=se","https:\/\/www.youtube.com\/channel\/UC2ZC6CQEZKqIXti821G8ovw\/featured"]}]}},"_links":{"self":[{"href":"https:\/\/kirunalapland.se\/en\/wp-json\/wp\/v2\/pages\/2679","targetHints":{"allow":["GET"]}}],"collection":[{"href":"https:\/\/kirunalapland.se\/en\/wp-json\/wp\/v2\/pages"}],"about":[{"href":"https:\/\/kirunalapland.se\/en\/wp-json\/wp\/v2\/types\/page"}],"author":[{"embeddable":true,"href":"https:\/\/kirunalapland.se\/en\/wp-json\/wp\/v2\/users\/2"}],"replies":[{"embeddable":true,"href":"https:\/\/kirunalapland.se\/en\/wp-json\/wp\/v2\/comments?post=2679"}],"version-history":[{"count":8,"href":"https:\/\/kirunalapland.se\/en\/wp-json\/wp\/v2\/pages\/2679\/revisions"}],"predecessor-version":[{"id":5589,"href":"https:\/\/kirunalapland.se\/en\/wp-json\/wp\/v2\/pages\/2679\/revisions\/5589"}],"up":[{"embeddable":true,"href":"https:\/\/kirunalapland.se\/en\/wp-json\/wp\/v2\/pages\/3005"}],"wp:featuredmedia":[{"embeddable":true,"href":"https:\/\/kirunalapland.se\/en\/wp-json\/wp\/v2\/media\/1483"}],"wp:attachment":[{"href":"https:\/\/kirunalapland.se\/en\/wp-json\/wp\/v2\/media?parent=2679"}],"curies":[{"name":"wp","href":"https:\/\/api.w.org\/{rel}","templated":true}]}}