{"id":2206,"date":"2021-07-01T10:59:47","date_gmt":"2021-07-01T10:59:47","guid":{"rendered":"https:\/\/kirunalapland.se\/abisko-bjorkliden-riksgransen-narvik\/"},"modified":"2026-02-11T10:13:47","modified_gmt":"2026-02-11T10:13:47","slug":"abisko-bjorkliden-riksgransen-narvik","status":"publish","type":"page","link":"https:\/\/kirunalapland.se\/en\/plan-your-trip\/abisko-bjorkliden-riksgransen-narvik\/","title":{"rendered":"Abisko-Bj\u00f6rkliden-Riksgr\u00e4nsen-Narvik"},"content":{"rendered":"","protected":false},"excerpt":{"rendered":"","protected":false},"author":2,"featured_media":791,"parent":3005,"menu_order":0,"comment_status":"closed","ping_status":"closed","template":"","meta":{"_acf_changed":false,"_relevanssi_hide_post":"","_relevanssi_pin_for_all":"","_relevanssi_pin_keywords":"","_relevanssi_unpin_keywords":"","_relevanssi_related_keywords":"","_relevanssi_related_include_ids":"","_relevanssi_related_exclude_ids":"","_relevanssi_related_no_append":"","_relevanssi_related_not_related":"","_relevanssi_related_posts":"1","_relevanssi_noindex_reason":"","footnotes":""},"class_list":["post-2206","page","type-page","status-publish","has-post-thumbnail","hentry"],"acf":[],"yoast_head":"<!-- This site is optimized with the Yoast SEO plugin v27.4 - https:\/\/yoast.com\/product\/yoast-seo-wordpress\/ -->\n<title>Abisko-Bj\u00f6rkliden-Riksgr\u00e4nsen-Narvik - Kiruna Lappland<\/title>\n<meta name=\"description\" content=\"If you travel along the E10 west from Kiruna, you will come to Abisko, Bj\u00f6rkliden, Riksgr\u00e4nsen, and you can also continue across the border to Narvik in Norway. For those of you who are only going to travel during the day, it may be worth looking at a combination of bus and train, depending on how many hours you want to spend at your chosen destination. By train If you choose to travel by train, you will experience one of the most beautiful railway parts in Sweden, which runs between Tornetr\u00e4sk and Riksgr\u00e4nsen. SJ operates trains between Kiruna and Narvik daily all year round. For exact departures and prices, visit the SJ website. Travelling by train is the cheapest option. Tickets should be purchased in advance online, as train tickets cannot be bought at the train station or onboard the train. You can easily reach the train station with a&hellip;\" \/>\n<meta name=\"robots\" content=\"index, follow, max-snippet:-1, max-image-preview:large, max-video-preview:-1\" \/>\n<link rel=\"canonical\" href=\"https:\/\/kirunalapland.se\/en\/plan-your-trip\/abisko-bjorkliden-riksgransen-narvik\/\" \/>\n<meta property=\"og:locale\" content=\"en_US\" \/>\n<meta property=\"og:type\" content=\"article\" \/>\n<meta property=\"og:title\" content=\"Abisko-Bj\u00f6rkliden-Riksgr\u00e4nsen-Narvik - Kiruna Lappland\" \/>\n<meta property=\"og:url\" content=\"https:\/\/kirunalapland.se\/en\/plan-your-trip\/abisko-bjorkliden-riksgransen-narvik\/\" \/>\n<meta property=\"og:site_name\" content=\"Kiruna Lappland\" \/>\n<meta property=\"article:publisher\" content=\"https:\/\/www.facebook.com\/KirunaLapplandEF\/\" \/>\n<meta property=\"article:modified_time\" content=\"2026-02-11T10:13:47+00:00\" \/>\n<meta property=\"og:image\" content=\"https:\/\/kirunalapland.se\/wp-content\/uploads\/2021\/07\/lapporten-bjorkliden2-foto-jessica-nilden.jpg\" \/>\n\t<meta property=\"og:image:width\" content=\"800\" \/>\n\t<meta property=\"og:image:height\" content=\"533\" \/>\n\t<meta property=\"og:image:type\" content=\"image\/jpeg\" \/>\n<meta name=\"twitter:card\" content=\"summary_large_image\" \/>\n<script type=\"application\/ld+json\" class=\"yoast-schema-graph\">{\"@context\":\"https:\\\/\\\/schema.org\",\"@graph\":[{\"@type\":\"WebPage\",\"@id\":\"https:\\\/\\\/kirunalapland.se\\\/en\\\/plan-your-trip\\\/abisko-bjorkliden-riksgransen-narvik\\\/\",\"url\":\"https:\\\/\\\/kirunalapland.se\\\/en\\\/plan-your-trip\\\/abisko-bjorkliden-riksgransen-narvik\\\/\",\"name\":\"Abisko-Bj\u00f6rkliden-Riksgr\u00e4nsen-Narvik - Kiruna Lappland\",\"isPartOf\":{\"@id\":\"https:\\\/\\\/kirunalapland.se\\\/en\\\/#website\"},\"primaryImageOfPage\":{\"@id\":\"https:\\\/\\\/kirunalapland.se\\\/en\\\/plan-your-trip\\\/abisko-bjorkliden-riksgransen-narvik\\\/#primaryimage\"},\"image\":{\"@id\":\"https:\\\/\\\/kirunalapland.se\\\/en\\\/plan-your-trip\\\/abisko-bjorkliden-riksgransen-narvik\\\/#primaryimage\"},\"thumbnailUrl\":\"https:\\\/\\\/kirunalapland.se\\\/wp-content\\\/uploads\\\/2021\\\/07\\\/lapporten-bjorkliden2-foto-jessica-nilden.jpg\",\"datePublished\":\"2021-07-01T10:59:47+00:00\",\"dateModified\":\"2026-02-11T10:13:47+00:00\",\"breadcrumb\":{\"@id\":\"https:\\\/\\\/kirunalapland.se\\\/en\\\/plan-your-trip\\\/abisko-bjorkliden-riksgransen-narvik\\\/#breadcrumb\"},\"inLanguage\":\"en-US\",\"potentialAction\":[{\"@type\":\"ReadAction\",\"target\":[\"https:\\\/\\\/kirunalapland.se\\\/en\\\/plan-your-trip\\\/abisko-bjorkliden-riksgransen-narvik\\\/\"]}]},{\"@type\":\"ImageObject\",\"inLanguage\":\"en-US\",\"@id\":\"https:\\\/\\\/kirunalapland.se\\\/en\\\/plan-your-trip\\\/abisko-bjorkliden-riksgransen-narvik\\\/#primaryimage\",\"url\":\"https:\\\/\\\/kirunalapland.se\\\/wp-content\\\/uploads\\\/2021\\\/07\\\/lapporten-bjorkliden2-foto-jessica-nilden.jpg\",\"contentUrl\":\"https:\\\/\\\/kirunalapland.se\\\/wp-content\\\/uploads\\\/2021\\\/07\\\/lapporten-bjorkliden2-foto-jessica-nilden.jpg\",\"width\":800,\"height\":533,\"caption\":\"Lapporten Bj\u00f6rkliden\"},{\"@type\":\"BreadcrumbList\",\"@id\":\"https:\\\/\\\/kirunalapland.se\\\/en\\\/plan-your-trip\\\/abisko-bjorkliden-riksgransen-narvik\\\/#breadcrumb\",\"itemListElement\":[{\"@type\":\"ListItem\",\"position\":1,\"name\":\"Home\",\"item\":\"https:\\\/\\\/kirunalapland.se\\\/en\\\/\"},{\"@type\":\"ListItem\",\"position\":2,\"name\":\"Plan your trip\",\"item\":\"https:\\\/\\\/kirunalapland.se\\\/en\\\/plan-your-trip\\\/\"},{\"@type\":\"ListItem\",\"position\":3,\"name\":\"Abisko-Bj\u00f6rkliden-Riksgr\u00e4nsen-Narvik\"}]},{\"@type\":\"WebSite\",\"@id\":\"https:\\\/\\\/kirunalapland.se\\\/en\\\/#website\",\"url\":\"https:\\\/\\\/kirunalapland.se\\\/en\\\/\",\"name\":\"Kiruna Lappland\",\"description\":\"Sweden&#039;s northernmost destination\",\"publisher\":{\"@id\":\"https:\\\/\\\/kirunalapland.se\\\/en\\\/#organization\"},\"potentialAction\":[{\"@type\":\"SearchAction\",\"target\":{\"@type\":\"EntryPoint\",\"urlTemplate\":\"https:\\\/\\\/kirunalapland.se\\\/en\\\/?s={search_term_string}\"},\"query-input\":{\"@type\":\"PropertyValueSpecification\",\"valueRequired\":true,\"valueName\":\"search_term_string\"}}],\"inLanguage\":\"en-US\"},{\"@type\":\"Organization\",\"@id\":\"https:\\\/\\\/kirunalapland.se\\\/en\\\/#organization\",\"name\":\"Kiruna Lapland\",\"url\":\"https:\\\/\\\/kirunalapland.se\\\/en\\\/\",\"logo\":{\"@type\":\"ImageObject\",\"inLanguage\":\"en-US\",\"@id\":\"https:\\\/\\\/kirunalapland.se\\\/en\\\/#\\\/schema\\\/logo\\\/image\\\/\",\"url\":\"https:\\\/\\\/kirunalapland.se\\\/wp-content\\\/uploads\\\/2022\\\/01\\\/kirunalapland.jpg\",\"contentUrl\":\"https:\\\/\\\/kirunalapland.se\\\/wp-content\\\/uploads\\\/2022\\\/01\\\/kirunalapland.jpg\",\"width\":1200,\"height\":630,\"caption\":\"Kiruna Lapland\"},\"image\":{\"@id\":\"https:\\\/\\\/kirunalapland.se\\\/en\\\/#\\\/schema\\\/logo\\\/image\\\/\"},\"sameAs\":[\"https:\\\/\\\/www.facebook.com\\\/KirunaLapplandEF\\\/\",\"https:\\\/\\\/www.instagram.com\\\/kirunalapland\\\/?hl=sv\",\"https:\\\/\\\/www.linkedin.com\\\/company\\\/kiruna-lappland-ekonomisk-f\u00f6rening\\\/?originalSubdomain=se\",\"https:\\\/\\\/www.youtube.com\\\/channel\\\/UC2ZC6CQEZKqIXti821G8ovw\\\/featured\"]}]}<\/script>\n<!-- \/ Yoast SEO plugin. -->","yoast_head_json":{"title":"Abisko-Bj\u00f6rkliden-Riksgr\u00e4nsen-Narvik - Kiruna Lappland","description":"If you travel along the E10 west from Kiruna, you will come to Abisko, Bj\u00f6rkliden, Riksgr\u00e4nsen, and you can also continue across the border to Narvik in Norway. For those of you who are only going to travel during the day, it may be worth looking at a combination of bus and train, depending on how many hours you want to spend at your chosen destination. By train If you choose to travel by train, you will experience one of the most beautiful railway parts in Sweden, which runs between Tornetr\u00e4sk and Riksgr\u00e4nsen. SJ operates trains between Kiruna and Narvik daily all year round. For exact departures and prices, visit the SJ website. Travelling by train is the cheapest option. Tickets should be purchased in advance online, as train tickets cannot be bought at the train station or onboard the train. You can easily reach the train station with a&hellip;","robots":{"index":"index","follow":"follow","max-snippet":"max-snippet:-1","max-image-preview":"max-image-preview:large","max-video-preview":"max-video-preview:-1"},"canonical":"https:\/\/kirunalapland.se\/en\/plan-your-trip\/abisko-bjorkliden-riksgransen-narvik\/","og_locale":"en_US","og_type":"article","og_title":"Abisko-Bj\u00f6rkliden-Riksgr\u00e4nsen-Narvik - Kiruna Lappland","og_url":"https:\/\/kirunalapland.se\/en\/plan-your-trip\/abisko-bjorkliden-riksgransen-narvik\/","og_site_name":"Kiruna Lappland","article_publisher":"https:\/\/www.facebook.com\/KirunaLapplandEF\/","article_modified_time":"2026-02-11T10:13:47+00:00","og_image":[{"width":800,"height":533,"url":"https:\/\/kirunalapland.se\/wp-content\/uploads\/2021\/07\/lapporten-bjorkliden2-foto-jessica-nilden.jpg","type":"image\/jpeg"}],"twitter_card":"summary_large_image","schema":{"@context":"https:\/\/schema.org","@graph":[{"@type":"WebPage","@id":"https:\/\/kirunalapland.se\/en\/plan-your-trip\/abisko-bjorkliden-riksgransen-narvik\/","url":"https:\/\/kirunalapland.se\/en\/plan-your-trip\/abisko-bjorkliden-riksgransen-narvik\/","name":"Abisko-Bj\u00f6rkliden-Riksgr\u00e4nsen-Narvik - Kiruna Lappland","isPartOf":{"@id":"https:\/\/kirunalapland.se\/en\/#website"},"primaryImageOfPage":{"@id":"https:\/\/kirunalapland.se\/en\/plan-your-trip\/abisko-bjorkliden-riksgransen-narvik\/#primaryimage"},"image":{"@id":"https:\/\/kirunalapland.se\/en\/plan-your-trip\/abisko-bjorkliden-riksgransen-narvik\/#primaryimage"},"thumbnailUrl":"https:\/\/kirunalapland.se\/wp-content\/uploads\/2021\/07\/lapporten-bjorkliden2-foto-jessica-nilden.jpg","datePublished":"2021-07-01T10:59:47+00:00","dateModified":"2026-02-11T10:13:47+00:00","breadcrumb":{"@id":"https:\/\/kirunalapland.se\/en\/plan-your-trip\/abisko-bjorkliden-riksgransen-narvik\/#breadcrumb"},"inLanguage":"en-US","potentialAction":[{"@type":"ReadAction","target":["https:\/\/kirunalapland.se\/en\/plan-your-trip\/abisko-bjorkliden-riksgransen-narvik\/"]}]},{"@type":"ImageObject","inLanguage":"en-US","@id":"https:\/\/kirunalapland.se\/en\/plan-your-trip\/abisko-bjorkliden-riksgransen-narvik\/#primaryimage","url":"https:\/\/kirunalapland.se\/wp-content\/uploads\/2021\/07\/lapporten-bjorkliden2-foto-jessica-nilden.jpg","contentUrl":"https:\/\/kirunalapland.se\/wp-content\/uploads\/2021\/07\/lapporten-bjorkliden2-foto-jessica-nilden.jpg","width":800,"height":533,"caption":"Lapporten Bj\u00f6rkliden"},{"@type":"BreadcrumbList","@id":"https:\/\/kirunalapland.se\/en\/plan-your-trip\/abisko-bjorkliden-riksgransen-narvik\/#breadcrumb","itemListElement":[{"@type":"ListItem","position":1,"name":"Home","item":"https:\/\/kirunalapland.se\/en\/"},{"@type":"ListItem","position":2,"name":"Plan your trip","item":"https:\/\/kirunalapland.se\/en\/plan-your-trip\/"},{"@type":"ListItem","position":3,"name":"Abisko-Bj\u00f6rkliden-Riksgr\u00e4nsen-Narvik"}]},{"@type":"WebSite","@id":"https:\/\/kirunalapland.se\/en\/#website","url":"https:\/\/kirunalapland.se\/en\/","name":"Kiruna Lappland","description":"Sweden&#039;s northernmost destination","publisher":{"@id":"https:\/\/kirunalapland.se\/en\/#organization"},"potentialAction":[{"@type":"SearchAction","target":{"@type":"EntryPoint","urlTemplate":"https:\/\/kirunalapland.se\/en\/?s={search_term_string}"},"query-input":{"@type":"PropertyValueSpecification","valueRequired":true,"valueName":"search_term_string"}}],"inLanguage":"en-US"},{"@type":"Organization","@id":"https:\/\/kirunalapland.se\/en\/#organization","name":"Kiruna Lapland","url":"https:\/\/kirunalapland.se\/en\/","logo":{"@type":"ImageObject","inLanguage":"en-US","@id":"https:\/\/kirunalapland.se\/en\/#\/schema\/logo\/image\/","url":"https:\/\/kirunalapland.se\/wp-content\/uploads\/2022\/01\/kirunalapland.jpg","contentUrl":"https:\/\/kirunalapland.se\/wp-content\/uploads\/2022\/01\/kirunalapland.jpg","width":1200,"height":630,"caption":"Kiruna Lapland"},"image":{"@id":"https:\/\/kirunalapland.se\/en\/#\/schema\/logo\/image\/"},"sameAs":["https:\/\/www.facebook.com\/KirunaLapplandEF\/","https:\/\/www.instagram.com\/kirunalapland\/?hl=sv","https:\/\/www.linkedin.com\/company\/kiruna-lappland-ekonomisk-f\u00f6rening\/?originalSubdomain=se","https:\/\/www.youtube.com\/channel\/UC2ZC6CQEZKqIXti821G8ovw\/featured"]}]}},"_links":{"self":[{"href":"https:\/\/kirunalapland.se\/en\/wp-json\/wp\/v2\/pages\/2206","targetHints":{"allow":["GET"]}}],"collection":[{"href":"https:\/\/kirunalapland.se\/en\/wp-json\/wp\/v2\/pages"}],"about":[{"href":"https:\/\/kirunalapland.se\/en\/wp-json\/wp\/v2\/types\/page"}],"author":[{"embeddable":true,"href":"https:\/\/kirunalapland.se\/en\/wp-json\/wp\/v2\/users\/2"}],"replies":[{"embeddable":true,"href":"https:\/\/kirunalapland.se\/en\/wp-json\/wp\/v2\/comments?post=2206"}],"version-history":[{"count":9,"href":"https:\/\/kirunalapland.se\/en\/wp-json\/wp\/v2\/pages\/2206\/revisions"}],"predecessor-version":[{"id":19218,"href":"https:\/\/kirunalapland.se\/en\/wp-json\/wp\/v2\/pages\/2206\/revisions\/19218"}],"up":[{"embeddable":true,"href":"https:\/\/kirunalapland.se\/en\/wp-json\/wp\/v2\/pages\/3005"}],"wp:featuredmedia":[{"embeddable":true,"href":"https:\/\/kirunalapland.se\/en\/wp-json\/wp\/v2\/media\/791"}],"wp:attachment":[{"href":"https:\/\/kirunalapland.se\/en\/wp-json\/wp\/v2\/media?parent=2206"}],"curies":[{"name":"wp","href":"https:\/\/api.w.org\/{rel}","templated":true}]}}